{"id":160,"date":"2023-09-15T08:51:57","date_gmt":"2023-09-15T06:51:57","guid":{"rendered":"https:\/\/meisterwerk-gmbh.ch\/charte\/"},"modified":"2024-07-12T10:02:29","modified_gmt":"2024-07-12T08:02:29","slug":"charte","status":"publish","type":"page","link":"https:\/\/meisterwerk-gmbh.ch\/fr\/charte\/","title":{"rendered":"Charte"},"content":{"rendered":"\n<h6 class=\"wp-block-heading\"><strong>Ce qui est particuli\u00e8rement important pour nous<\/strong><\/h6>\n\n<ul class=\"wp-block-list\">\n<li>Meisterwerk GmbH est une entreprise <strong>orient\u00e9e vers la croissance<\/strong>. Nous privil\u00e9gions les investissements \u00e0 long terme plut\u00f4t que les r\u00e9sultats financiers \u00e0 court terme.<\/li>\n\n\n\n<li>Nous entretenons des relations d\u00e9contract\u00e9es avec nos parties prenantes et avons le sens de l&#8217;humour.<\/li>\n\n\n\n<li><strong>L&#8217;innovation<\/strong> fait partie de notre ADN. La recherche du d\u00e9veloppement est pour nous une \u00e9vidence. Nous sommes ouverts au changement.<\/li>\n\n\n\n<li>Nos <strong>collaborateurs<\/strong> sont un grand facteur de notre succ\u00e8s. Nous encourageons la performance de nos employ\u00e9s.<\/li>\n\n\n\n<li>Si nous sommes convaincus par un projet de nos clients, nous nous montrons pr\u00eats \u00e0 le soutenir dans la mesure de nos moyens.<\/li>\n\n\n\n<li>Le <strong>client<\/strong> et ses besoins sont <strong>au centre de<\/strong> nos pr\u00e9occupations. Nos conseils sont comp\u00e9tents et notre service client est d&#8217;un niveau \u00e9lev\u00e9. Il est facile de faire des affaires avec nous.<\/li>\n\n\n\n<li>Les <strong>produits<\/strong> de notre parc de location sont con\u00e7us pour <strong>\u00eatre pratiques<\/strong>. Le rapport per\u00e7u entre le prix et la performance est correct.<\/li>\n\n\n\n<li>Nous respectons les r\u00e8gles et les lois en vigueur et sommes pr\u00eats \u00e0 d\u00e9fendre nos droits.<\/li>\n<\/ul>\n","protected":false},"excerpt":{"rendered":"<p>Ce qui est particuli\u00e8rement important pour nous<\/p>\n","protected":false},"author":2,"featured_media":0,"parent":0,"menu_order":0,"comment_status":"closed","ping_status":"closed","template":"","meta":{"_acf_changed":false,"footnotes":""},"class_list":["post-160","page","type-page","status-publish","hentry"],"acf":[],"_links":{"self":[{"href":"https:\/\/meisterwerk-gmbh.ch\/fr\/wp-json\/wp\/v2\/pages\/160","targetHints":{"allow":["GET"]}}],"collection":[{"href":"https:\/\/meisterwerk-gmbh.ch\/fr\/wp-json\/wp\/v2\/pages"}],"about":[{"href":"https:\/\/meisterwerk-gmbh.ch\/fr\/wp-json\/wp\/v2\/types\/page"}],"author":[{"embeddable":true,"href":"https:\/\/meisterwerk-gmbh.ch\/fr\/wp-json\/wp\/v2\/users\/2"}],"replies":[{"embeddable":true,"href":"https:\/\/meisterwerk-gmbh.ch\/fr\/wp-json\/wp\/v2\/comments?post=160"}],"version-history":[{"count":1,"href":"https:\/\/meisterwerk-gmbh.ch\/fr\/wp-json\/wp\/v2\/pages\/160\/revisions"}],"predecessor-version":[{"id":164,"href":"https:\/\/meisterwerk-gmbh.ch\/fr\/wp-json\/wp\/v2\/pages\/160\/revisions\/164"}],"wp:attachment":[{"href":"https:\/\/meisterwerk-gmbh.ch\/fr\/wp-json\/wp\/v2\/media?parent=160"}],"curies":[{"name":"wp","href":"https:\/\/api.w.org\/{rel}","templated":true}]}}