{"id":158,"date":"2023-09-15T08:42:38","date_gmt":"2023-09-15T06:42:38","guid":{"rendered":"https:\/\/meisterwerk-gmbh.ch\/vision\/"},"modified":"2024-07-12T10:02:29","modified_gmt":"2024-07-12T08:02:29","slug":"vision","status":"publish","type":"page","link":"https:\/\/meisterwerk-gmbh.ch\/fr\/vision\/","title":{"rendered":"Vision"},"content":{"rendered":"\n<h6 class=\"wp-block-heading\"><strong>Comment nous nous orientons vers le long terme<\/strong><\/h6>\n\n<p>Notre vision a \u00e9t\u00e9 \u00e9labor\u00e9e sur la base de nos valeurs et vise \u00e0 montrer \u00e0 nos partenaires internes et externes ce qu&#8217;ils peuvent attendre de nous. Notre vision est la suivante :<\/p>\n\n<blockquote class=\"wp-block-quote is-layout-flow wp-block-quote-is-layout-flow\">\n<p>Meisterwerk GmbH investit \u00e0 long terme dans l&#8217;<strong>innovation et la croissance<\/strong>. L&#8217;accent est mis sur les progr\u00e8s en mati\u00e8re d&#8217;offre et de couverture g\u00e9ographique.<\/p>\n\n\n\n<p>Dans le segment des petites et moyennes entreprises de location, Meisterwerk GmbH offre <strong>le meilleur service client<\/strong>.<\/p>\n<\/blockquote>\n","protected":false},"excerpt":{"rendered":"<p>Comment nous nous orientons vers le long terme Notre vision a \u00e9t\u00e9 \u00e9labor\u00e9e sur la base de nos valeurs et vise \u00e0 montrer \u00e0 nos partenaires internes et externes ce qu&#8217;ils peuvent attendre de nous. Notre vision est la suivante : Meisterwerk GmbH investit \u00e0 long terme dans l&#8217;innovation et la croissance. L&#8217;accent est mis [&hellip;]<\/p>\n","protected":false},"author":2,"featured_media":0,"parent":0,"menu_order":0,"comment_status":"closed","ping_status":"closed","template":"","meta":{"_acf_changed":false,"footnotes":""},"class_list":["post-158","page","type-page","status-publish","hentry"],"acf":[],"_links":{"self":[{"href":"https:\/\/meisterwerk-gmbh.ch\/fr\/wp-json\/wp\/v2\/pages\/158","targetHints":{"allow":["GET"]}}],"collection":[{"href":"https:\/\/meisterwerk-gmbh.ch\/fr\/wp-json\/wp\/v2\/pages"}],"about":[{"href":"https:\/\/meisterwerk-gmbh.ch\/fr\/wp-json\/wp\/v2\/types\/page"}],"author":[{"embeddable":true,"href":"https:\/\/meisterwerk-gmbh.ch\/fr\/wp-json\/wp\/v2\/users\/2"}],"replies":[{"embeddable":true,"href":"https:\/\/meisterwerk-gmbh.ch\/fr\/wp-json\/wp\/v2\/comments?post=158"}],"version-history":[{"count":1,"href":"https:\/\/meisterwerk-gmbh.ch\/fr\/wp-json\/wp\/v2\/pages\/158\/revisions"}],"predecessor-version":[{"id":161,"href":"https:\/\/meisterwerk-gmbh.ch\/fr\/wp-json\/wp\/v2\/pages\/158\/revisions\/161"}],"wp:attachment":[{"href":"https:\/\/meisterwerk-gmbh.ch\/fr\/wp-json\/wp\/v2\/media?parent=158"}],"curies":[{"name":"wp","href":"https:\/\/api.w.org\/{rel}","templated":true}]}}