{"id":157,"date":"2023-09-15T09:13:19","date_gmt":"2023-09-15T07:13:19","guid":{"rendered":"https:\/\/meisterwerk-gmbh.ch\/equipe\/"},"modified":"2025-10-06T15:30:54","modified_gmt":"2025-10-06T13:30:54","slug":"equipe","status":"publish","type":"page","link":"https:\/\/meisterwerk-gmbh.ch\/fr\/equipe\/","title":{"rendered":"\u00c9quipe"},"content":{"rendered":"\n<h6 class=\"wp-block-heading\"><strong>Les personnes derri\u00e8re l&#8217;entreprise<\/strong><\/h6>\n\n<div class=\"wp-block-media-text is-stacked-on-mobile\"><figure class=\"wp-block-media-text__media\"><img loading=\"lazy\" decoding=\"async\" width=\"1024\" height=\"768\" src=\"https:\/\/meisterwerk-gmbh.ch\/wp-content\/uploads\/2023\/10\/IMG_5359-1024x768.jpg\" alt=\"\" class=\"wp-image-79 size-full\" srcset=\"https:\/\/meisterwerk-gmbh.ch\/wp-content\/uploads\/2023\/10\/IMG_5359-1024x768.jpg 1024w, https:\/\/meisterwerk-gmbh.ch\/wp-content\/uploads\/2023\/10\/IMG_5359-300x225.jpg 300w, https:\/\/meisterwerk-gmbh.ch\/wp-content\/uploads\/2023\/10\/IMG_5359-768x576.jpg 768w, https:\/\/meisterwerk-gmbh.ch\/wp-content\/uploads\/2023\/10\/IMG_5359-1536x1152.jpg 1536w, https:\/\/meisterwerk-gmbh.ch\/wp-content\/uploads\/2023\/10\/IMG_5359-2048x1536.jpg 2048w\" sizes=\"auto, (max-width: 1024px) 100vw, 1024px\" \/><\/figure><div class=\"wp-block-media-text__content\">\n<p><strong>Fabian K\u00fcng<\/strong><\/p>\n\n\n\n<p>Fabian est copropri\u00e9taire de meisterwerk GmbH et responsable du service client au niveau de l&#8217;entreprise. Il s&#8217;occupe notamment de la coordination des diff\u00e9rents sites de magasins. Il est titulaire d&#8217;un Bachelor en \u00e9lectrotechnique.<\/p>\n<\/div><\/div>\n\n<hr class=\"wp-block-separator has-alpha-channel-opacity is-style-wide\"\/>\n\n<div class=\"wp-block-media-text is-stacked-on-mobile\"><figure class=\"wp-block-media-text__media\"><img loading=\"lazy\" decoding=\"async\" width=\"1024\" height=\"768\" src=\"https:\/\/meisterwerk-gmbh.ch\/wp-content\/uploads\/2023\/10\/IMG_5316-1024x768.jpg\" alt=\"\" class=\"wp-image-78 size-full\" srcset=\"https:\/\/meisterwerk-gmbh.ch\/wp-content\/uploads\/2023\/10\/IMG_5316-1024x768.jpg 1024w, https:\/\/meisterwerk-gmbh.ch\/wp-content\/uploads\/2023\/10\/IMG_5316-300x225.jpg 300w, https:\/\/meisterwerk-gmbh.ch\/wp-content\/uploads\/2023\/10\/IMG_5316-768x576.jpg 768w, https:\/\/meisterwerk-gmbh.ch\/wp-content\/uploads\/2023\/10\/IMG_5316.jpg 1210w\" sizes=\"auto, (max-width: 1024px) 100vw, 1024px\" \/><\/figure><div class=\"wp-block-media-text__content\">\n<p><strong>Timo B\u00fchlmann<\/strong><\/p>\n\n\n\n<p>Timo est copropri\u00e9taire de meisterwerk GmbH et responsable de l&#8217;informatique de rentshop. En parall\u00e8le, il travaille sur un nouveau mod\u00e8le de location pour smartphones. Pr\u00e9parez-vous \u00e0 la grande r\u00e9volution de la location !  <\/p>\n<\/div><\/div>\n\n<hr class=\"wp-block-separator has-alpha-channel-opacity is-style-wide\"\/>\n\n<div class=\"wp-block-media-text is-stacked-on-mobile\" style=\"grid-template-columns:49% auto\"><figure class=\"wp-block-media-text__media\"><img loading=\"lazy\" decoding=\"async\" width=\"1024\" height=\"805\" src=\"https:\/\/meisterwerk-gmbh.ch\/wp-content\/uploads\/2025\/09\/IMG_2742-1-2-1024x805.jpeg\" alt=\"\" class=\"wp-image-291 size-full\" srcset=\"https:\/\/meisterwerk-gmbh.ch\/wp-content\/uploads\/2025\/09\/IMG_2742-1-2-1024x805.jpeg 1024w, https:\/\/meisterwerk-gmbh.ch\/wp-content\/uploads\/2025\/09\/IMG_2742-1-2-300x236.jpeg 300w, https:\/\/meisterwerk-gmbh.ch\/wp-content\/uploads\/2025\/09\/IMG_2742-1-2-768x603.jpeg 768w, https:\/\/meisterwerk-gmbh.ch\/wp-content\/uploads\/2025\/09\/IMG_2742-1-2-1536x1207.jpeg 1536w, https:\/\/meisterwerk-gmbh.ch\/wp-content\/uploads\/2025\/09\/IMG_2742-1-2.jpeg 1858w\" sizes=\"auto, (max-width: 1024px) 100vw, 1024px\" \/><\/figure><div class=\"wp-block-media-text__content\">\n<p><strong>Kevin Nguyen<\/strong><\/p>\n\n\n\n<p>Kevin est notre assistant assidu dans les coulisses. Il teste les produits, pr\u00e9pare les colis pour l&#8217;exp\u00e9dition et colle les bo\u00eetes \u00e0 photos. De plus, il assure la bonne ambiance dans notre entrep\u00f4t en tant que DJ.<\/p>\n<\/div><\/div>\n\n<hr class=\"wp-block-separator has-alpha-channel-opacity is-style-wide\"\/>\n\n<div class=\"wp-block-media-text is-stacked-on-mobile\" style=\"grid-template-columns:49% auto\"><figure class=\"wp-block-media-text__media\"><img loading=\"lazy\" decoding=\"async\" width=\"1024\" height=\"768\" src=\"https:\/\/meisterwerk-gmbh.ch\/wp-content\/uploads\/2023\/10\/sara-1024x768.jpeg\" alt=\"\" class=\"wp-image-92 size-full\" srcset=\"https:\/\/meisterwerk-gmbh.ch\/wp-content\/uploads\/2023\/10\/sara-1024x768.jpeg 1024w, https:\/\/meisterwerk-gmbh.ch\/wp-content\/uploads\/2023\/10\/sara-300x225.jpeg 300w, https:\/\/meisterwerk-gmbh.ch\/wp-content\/uploads\/2023\/10\/sara-768x576.jpeg 768w, https:\/\/meisterwerk-gmbh.ch\/wp-content\/uploads\/2023\/10\/sara.jpeg 1067w\" sizes=\"auto, (max-width: 1024px) 100vw, 1024px\" \/><\/figure><div class=\"wp-block-media-text__content\">\n<p><strong><strong>Sara L\u00fcthi<\/strong><\/strong><\/p>\n\n\n\n<p>Sara est \u00e9tudiante en informatique m\u00e9dicale et travaille chez meisterwerk GmbH en tant qu&#8217;informaticienne. Ils sont notamment charg\u00e9s de d\u00e9velopper des interfaces, de corriger des bugs sur le site ou d&#8217;int\u00e9grer de nouvelles fonctionnalit\u00e9s dans la boutique en ligne.<\/p>\n<\/div><\/div>\n\n<hr class=\"wp-block-separator has-alpha-channel-opacity is-style-wide\"\/>\n\n<div class=\"wp-block-media-text is-stacked-on-mobile\"><figure class=\"wp-block-media-text__media\"><img loading=\"lazy\" decoding=\"async\" width=\"1024\" height=\"768\" src=\"https:\/\/meisterwerk-gmbh.ch\/wp-content\/uploads\/2023\/10\/IMG_5342-1024x768.jpg\" alt=\"\" class=\"wp-image-82 size-full\" srcset=\"https:\/\/meisterwerk-gmbh.ch\/wp-content\/uploads\/2023\/10\/IMG_5342-1024x768.jpg 1024w, https:\/\/meisterwerk-gmbh.ch\/wp-content\/uploads\/2023\/10\/IMG_5342-300x225.jpg 300w, https:\/\/meisterwerk-gmbh.ch\/wp-content\/uploads\/2023\/10\/IMG_5342-768x576.jpg 768w, https:\/\/meisterwerk-gmbh.ch\/wp-content\/uploads\/2023\/10\/IMG_5342-1536x1152.jpg 1536w, https:\/\/meisterwerk-gmbh.ch\/wp-content\/uploads\/2023\/10\/IMG_5342-2048x1536.jpg 2048w\" sizes=\"auto, (max-width: 1024px) 100vw, 1024px\" \/><\/figure><div class=\"wp-block-media-text__content\">\n<p><strong><strong>Fatou Diaby<\/strong><\/strong><\/p>\n\n\n\n<p>Fatou est responsable du marketing chez Meisterwerk GmbH. Tout ce qui concerne le SEO, Google Ads et les m\u00e9dias sociaux est de son domaine. Elle est titulaire d&#8217;un Bachelor en sciences des m\u00e9dias et en sociologie.<\/p>\n<\/div><\/div>\n\n<hr class=\"wp-block-separator has-alpha-channel-opacity is-style-wide\"\/>\n\n<div class=\"wp-block-media-text is-stacked-on-mobile\"><figure class=\"wp-block-media-text__media\"><img loading=\"lazy\" decoding=\"async\" width=\"1024\" height=\"777\" src=\"https:\/\/meisterwerk-gmbh.ch\/wp-content\/uploads\/2024\/03\/IMG_1316-2-1024x777.jpeg\" alt=\"\" class=\"wp-image-123 size-full\" srcset=\"https:\/\/meisterwerk-gmbh.ch\/wp-content\/uploads\/2024\/03\/IMG_1316-2-1024x777.jpeg 1024w, https:\/\/meisterwerk-gmbh.ch\/wp-content\/uploads\/2024\/03\/IMG_1316-2-300x228.jpeg 300w, https:\/\/meisterwerk-gmbh.ch\/wp-content\/uploads\/2024\/03\/IMG_1316-2-768x583.jpeg 768w, https:\/\/meisterwerk-gmbh.ch\/wp-content\/uploads\/2024\/03\/IMG_1316-2.jpeg 1536w\" sizes=\"auto, (max-width: 1024px) 100vw, 1024px\" \/><\/figure><div class=\"wp-block-media-text__content\">\n<p><strong>Marco M\u00fcller<\/strong><\/p>\n\n\n\n<p>Marco travaille dans l&#8217;entrep\u00f4t, exp\u00e9die des colis et il vous accueille lors de l&#8217;enl\u00e8vement ou de la remise du mat\u00e9riel. Il a \u00e9tudi\u00e9 l&#8217;histoire et l&#8217;anglais et passe actuellement un dipl\u00f4me de commerce.<\/p>\n<\/div><\/div>\n\n<hr class=\"wp-block-separator has-alpha-channel-opacity is-style-wide\"\/>\n\n<div class=\"wp-block-media-text is-stacked-on-mobile\"><figure class=\"wp-block-media-text__media\"><img decoding=\"async\" src=\"https:\/\/meisterwerk-gmbh.ch\/wp-content\/uploads\/2023\/10\/Dani.jpeg\" alt=\"\"\/><\/figure><div class=\"wp-block-media-text__content\">\n<p><strong>Daniel Swingler<\/strong><\/p>\n\n\n\n<p>Daniel a obtenu son bachelor en physique en \u00e9t\u00e9 2023 et assiste rentshop dans l&#8217;entrep\u00f4t pendant les mois les plus charg\u00e9s. Il est \u00e9galement responsable de la collecte et de l&#8217;envoi des colis.<\/p>\n<\/div><\/div>\n\n<hr class=\"wp-block-separator has-alpha-channel-opacity is-style-wide\"\/>\n\n<div class=\"wp-block-media-text is-stacked-on-mobile\"><figure class=\"wp-block-media-text__media\"><img loading=\"lazy\" decoding=\"async\" width=\"1024\" height=\"753\" src=\"https:\/\/meisterwerk-gmbh.ch\/wp-content\/uploads\/2024\/10\/Mitarbeiter-4-1024x753.png\" alt=\"\" class=\"wp-image-221 size-full\" srcset=\"https:\/\/meisterwerk-gmbh.ch\/wp-content\/uploads\/2024\/10\/Mitarbeiter-4-1024x753.png 1024w, https:\/\/meisterwerk-gmbh.ch\/wp-content\/uploads\/2024\/10\/Mitarbeiter-4-300x221.png 300w, https:\/\/meisterwerk-gmbh.ch\/wp-content\/uploads\/2024\/10\/Mitarbeiter-4-768x565.png 768w, https:\/\/meisterwerk-gmbh.ch\/wp-content\/uploads\/2024\/10\/Mitarbeiter-4-1536x1130.png 1536w, https:\/\/meisterwerk-gmbh.ch\/wp-content\/uploads\/2024\/10\/Mitarbeiter-4-2048x1506.png 2048w\" sizes=\"auto, (max-width: 1024px) 100vw, 1024px\" \/><\/figure><div class=\"wp-block-media-text__content\">\n<p><strong>Silvan Pauls<\/strong><\/p>\n\n\n\n<p>Silvan a termin\u00e9 sa licence en biologie cellulaire et commence son master. Il \u00e9tait jusqu&#8217;\u00e0 r\u00e9cemment enthousiaste dans le scoutisme et adore cuisiner.<\/p>\n<\/div><\/div>\n\n<hr class=\"wp-block-separator has-alpha-channel-opacity is-style-wide\"\/>\n\n<div class=\"wp-block-media-text is-stacked-on-mobile\"><figure class=\"wp-block-media-text__media\"><img loading=\"lazy\" decoding=\"async\" width=\"1024\" height=\"819\" src=\"https:\/\/meisterwerk-gmbh.ch\/wp-content\/uploads\/2025\/10\/IMG_2875-1-1024x819.jpeg\" alt=\"\" class=\"wp-image-311 size-full\" srcset=\"https:\/\/meisterwerk-gmbh.ch\/wp-content\/uploads\/2025\/10\/IMG_2875-1-1024x819.jpeg 1024w, https:\/\/meisterwerk-gmbh.ch\/wp-content\/uploads\/2025\/10\/IMG_2875-1-300x240.jpeg 300w, https:\/\/meisterwerk-gmbh.ch\/wp-content\/uploads\/2025\/10\/IMG_2875-1-768x615.jpeg 768w, https:\/\/meisterwerk-gmbh.ch\/wp-content\/uploads\/2025\/10\/IMG_2875-1.jpeg 1536w\" sizes=\"auto, (max-width: 1024px) 100vw, 1024px\" \/><\/figure><div class=\"wp-block-media-text__content\">\n<p><strong>Alma Gruber<\/strong><\/p>\n\n\n\n<p>Alma \u00e9tudie actuellement le cirque contemporain \u00e0 Lyon et aide rentshop dans son service client.<\/p>\n<\/div><\/div>\n\n<hr class=\"wp-block-separator has-alpha-channel-opacity is-style-wide\"\/>\n\n<div class=\"wp-block-media-text is-stacked-on-mobile\"><figure class=\"wp-block-media-text__media\"><img loading=\"lazy\" decoding=\"async\" width=\"1024\" height=\"810\" src=\"https:\/\/meisterwerk-gmbh.ch\/wp-content\/uploads\/2025\/09\/IMG_2734-1-1024x810.jpeg\" alt=\"\" class=\"wp-image-293 size-full\" srcset=\"https:\/\/meisterwerk-gmbh.ch\/wp-content\/uploads\/2025\/09\/IMG_2734-1-1024x810.jpeg 1024w, https:\/\/meisterwerk-gmbh.ch\/wp-content\/uploads\/2025\/09\/IMG_2734-1-300x237.jpeg 300w, https:\/\/meisterwerk-gmbh.ch\/wp-content\/uploads\/2025\/09\/IMG_2734-1-768x607.jpeg 768w, https:\/\/meisterwerk-gmbh.ch\/wp-content\/uploads\/2025\/09\/IMG_2734-1-1536x1214.jpeg 1536w, https:\/\/meisterwerk-gmbh.ch\/wp-content\/uploads\/2025\/09\/IMG_2734-1.jpeg 1868w\" sizes=\"auto, (max-width: 1024px) 100vw, 1024px\" \/><\/figure><div class=\"wp-block-media-text__content\">\n<p><strong>Tarik Chalabi<\/strong><\/p>\n\n\n\n<p>Apr\u00e8s un apprentissage frustrant et plusieurs ann\u00e9es en tant que vendeur, Tarik ne parvenait plus \u00e0 concilier sa conscience avec ses valeurs. Il est maintenant dipl\u00f4m\u00e9 d&#8217;une \u00e9cole de commerce, dans l&#8217;espoir de passer au bureau. Mais ce qui est beaucoup plus important pour lui, c&#8217;est une \u00e9quipe jeune et diversifi\u00e9e dans laquelle on se retrouve sur un pied d&#8217;\u00e9galit\u00e9.  <\/p>\n<\/div><\/div>\n\n<hr class=\"wp-block-separator has-alpha-channel-opacity is-style-wide\"\/>\n\n<div class=\"wp-block-group\"><div class=\"wp-block-group__inner-container is-layout-constrained wp-block-group-is-layout-constrained\">\n<div class=\"wp-block-group\"><div class=\"wp-block-group__inner-container is-layout-constrained wp-block-group-is-layout-constrained\">\n<div class=\"wp-block-columns is-layout-flex wp-container-core-columns-is-layout-9d6595d7 wp-block-columns-is-layout-flex\">\n<div class=\"wp-block-column is-layout-flow wp-block-column-is-layout-flow\" style=\"flex-basis:100%\">\n<div class=\"wp-block-group\"><div class=\"wp-block-group__inner-container is-layout-constrained wp-block-group-is-layout-constrained\">\n<details class=\"wp-block-details is-layout-flow wp-block-details-is-layout-flow\"><summary>Le &#8220;Hall of Fame&#8221; de meisterwerk<\/summary>\n<p>(anciens employ\u00e9s)<\/p>\n\n\n\n<hr class=\"wp-block-separator has-alpha-channel-opacity is-style-wide\"\/>\n\n\n\n<div class=\"wp-block-media-text is-stacked-on-mobile\"><figure class=\"wp-block-media-text__media\"><img decoding=\"async\" src=\"https:\/\/meisterwerk-gmbh.ch\/wp-content\/uploads\/2023\/10\/IMG_5373-1024x768.jpg\" alt=\"\"\/><\/figure><div class=\"wp-block-media-text__content\">\n<p><strong>Linus Schrader<\/strong><\/p>\n\n\n\n<p>Linus a obtenu son baccalaur\u00e9at en \u00e9t\u00e9 2022 et a travaill\u00e9 depuis chez rentshop dans l&#8217;entrep\u00f4t. Il \u00e9tait responsable de la collecte et de l&#8217;envoi des colis.<\/p>\n<\/div><\/div>\n\n\n\n<hr class=\"wp-block-separator has-alpha-channel-opacity is-style-wide\"\/>\n\n\n\n<div class=\"wp-block-media-text is-stacked-on-mobile\"><figure class=\"wp-block-media-text__media\"><img decoding=\"async\" src=\"https:\/\/meisterwerk-gmbh.ch\/wp-content\/uploads\/2023\/10\/Pina.jpeg\" alt=\"\"\/><\/figure><div class=\"wp-block-media-text__content\">\n<p><strong>Pina Lauber<\/strong><\/p>\n\n\n\n<p>Pina est la responsable de l&#8217;entrep\u00f4t pour notre site de Berne. Parall\u00e8lement \u00e0 son travail chez Rentshop, elle \u00e9tudie la restauration d&#8217;art.<\/p>\n<\/div><\/div>\n\n\n\n<hr class=\"wp-block-separator has-alpha-channel-opacity is-style-wide\"\/>\n\n\n\n<div class=\"wp-block-media-text is-stacked-on-mobile\"><figure class=\"wp-block-media-text__media\"><img decoding=\"async\" src=\"https:\/\/meisterwerk-gmbh.ch\/wp-content\/uploads\/2023\/10\/Joni.jpeg\" alt=\"\"\/><\/figure><div class=\"wp-block-media-text__content\">\n<p><strong>Jonathan Schwanh\u00e4usser<\/strong><\/p>\n\n\n\n<p>Jonathan, aussi appel\u00e9 &#8220;Joni&#8221;, a \u00e9t\u00e9 responsable de la comptabilit\u00e9 chez rentshop pendant plus d&#8217;un an. Pendant les vacances universitaires, il nous a \u00e9galement apport\u00e9 son soutien dans divers autres domaines tels que l&#8217;entrep\u00f4t, la vente ou le service client\u00e8le. Apr\u00e8s son passage chez rentshop, il souhaite se concentrer \u00e0 nouveau pleinement sur sa formation.<\/p>\n<\/div><\/div>\n\n\n\n<hr class=\"wp-block-separator has-alpha-channel-opacity is-style-wide\"\/>\n\n\n\n<div class=\"wp-block-media-text is-stacked-on-mobile\"><figure class=\"wp-block-media-text__media\"><img loading=\"lazy\" decoding=\"async\" width=\"737\" height=\"644\" src=\"https:\/\/meisterwerk-gmbh.ch\/wp-content\/uploads\/2023\/10\/Lea.png\" alt=\"\" class=\"wp-image-85 size-full\" srcset=\"https:\/\/meisterwerk-gmbh.ch\/wp-content\/uploads\/2023\/10\/Lea.png 737w, https:\/\/meisterwerk-gmbh.ch\/wp-content\/uploads\/2023\/10\/Lea-300x262.png 300w\" sizes=\"auto, (max-width: 737px) 100vw, 737px\" \/><\/figure><div class=\"wp-block-media-text__content\">\n<p><strong><strong>Lea Eugster<\/strong><\/strong><\/p>\n\n\n\n<p>Lea aide rentshop \u00e0 joindre les deux bouts pendant l&#8217;\u00e9t\u00e9. Elle est responsable du service client, s&#8217;occupe d&#8217;une partie de la comptabilit\u00e9 et anime des discussions passionnantes pendant la pause d\u00e9jeuner. Elle a pass\u00e9 le dernier semestre en France, o\u00f9 elle a approfondi ses \u00e9tudes en politique et en \u00e9conomie.<\/p>\n<\/div><\/div>\n\n\n\n<hr class=\"wp-block-separator has-alpha-channel-opacity is-style-wide\"\/>\n\n\n\n<div class=\"wp-block-media-text is-stacked-on-mobile\"><figure class=\"wp-block-media-text__media\"><img loading=\"lazy\" decoding=\"async\" width=\"681\" height=\"511\" src=\"https:\/\/meisterwerk-gmbh.ch\/wp-content\/uploads\/2023\/10\/Michelle.jpeg\" alt=\"\" class=\"wp-image-87 size-full\" srcset=\"https:\/\/meisterwerk-gmbh.ch\/wp-content\/uploads\/2023\/10\/Michelle.jpeg 681w, https:\/\/meisterwerk-gmbh.ch\/wp-content\/uploads\/2023\/10\/Michelle-300x225.jpeg 300w\" sizes=\"auto, (max-width: 681px) 100vw, 681px\" \/><\/figure><div class=\"wp-block-media-text__content\">\n<p><strong>Michelle Blatter<\/strong><\/p>\n\n\n\n<p>Michelle a \u00e9t\u00e9 la responsable du camp de notre site de Berne pendant trois ans. Gr\u00e2ce \u00e0 nos haut-parleurs, elle a pu assurer un niveau sonore constant dans le quartier de Sulgenau. Nous tenons \u00e0 souligner que Michelle ne s&#8217;est exclue qu&#8217;une seule fois du camp pendant toute cette p\u00e9riode.<\/p>\n<\/div><\/div>\n\n\n\n<hr class=\"wp-block-separator has-alpha-channel-opacity is-style-wide\"\/>\n\n\n\n<div class=\"wp-block-media-text is-stacked-on-mobile\"><figure class=\"wp-block-media-text__media\"><img loading=\"lazy\" decoding=\"async\" width=\"252\" height=\"189\" src=\"https:\/\/meisterwerk-gmbh.ch\/wp-content\/uploads\/2023\/10\/Gianni.jpeg\" alt=\"\" class=\"wp-image-88 size-full\"\/><\/figure><div class=\"wp-block-media-text__content\">\n<p><strong>Gianluca Bonfiglio<\/strong><\/p>\n\n\n\n<p>&#8220;Gianni&#8221; a malheureusement quitt\u00e9 meisterwerk GmbH le 31 janvier 2022. Il nous a aid\u00e9s \u00e0 assurer le service client et sera un jour le m\u00e9decin des Zurichois. Nous lui souhaitons de continuer sur sa lanc\u00e9e !<\/p>\n<\/div><\/div>\n\n\n\n<hr class=\"wp-block-separator has-alpha-channel-opacity is-style-wide\"\/>\n\n\n\n<div class=\"wp-block-media-text is-stacked-on-mobile\"><figure class=\"wp-block-media-text__media\"><img loading=\"lazy\" decoding=\"async\" width=\"975\" height=\"732\" src=\"https:\/\/meisterwerk-gmbh.ch\/wp-content\/uploads\/2023\/10\/Boss.jpeg\" alt=\"\" class=\"wp-image-89 size-full\" srcset=\"https:\/\/meisterwerk-gmbh.ch\/wp-content\/uploads\/2023\/10\/Boss.jpeg 975w, https:\/\/meisterwerk-gmbh.ch\/wp-content\/uploads\/2023\/10\/Boss-300x225.jpeg 300w, https:\/\/meisterwerk-gmbh.ch\/wp-content\/uploads\/2023\/10\/Boss-768x577.jpeg 768w\" sizes=\"auto, (max-width: 975px) 100vw, 975px\" \/><\/figure><div class=\"wp-block-media-text__content\">\n<p id=\"block-24fac491-5c4a-4705-a599-90197bb76b64\"><strong><br\/>Fabian Bossard<\/strong><\/p>\n\n\n\n<p id=\"block-aa2d2232-92ac-4ee8-8327-5ac3bd2b04c9\">Le deuxi\u00e8me Fabian \u00e9tait actif pour meisterwerk GmbH en raison du conflit de nom avec son deuxi\u00e8me nom, Matthieu. Il a travaill\u00e9 dans les domaines du r\u00e9f\u00e9rencement, de Google Ads et du marketing des m\u00e9dias sociaux et a \u00e9galement g\u00e9r\u00e9 ce site.<\/p>\n<\/div><\/div>\n\n\n\n<hr class=\"wp-block-separator has-alpha-channel-opacity is-style-wide\"\/>\n<\/details>\n<\/div><\/div>\n<\/div>\n<\/div>\n<\/div><\/div>\n<\/div><\/div>\n","protected":false},"excerpt":{"rendered":"<p>Les personnes derri\u00e8re l&#8217;entreprise Fabian K\u00fcng Fabian est copropri\u00e9taire de meisterwerk GmbH et responsable du service client au niveau de l&#8217;entreprise. Il s&#8217;occupe notamment de la coordination des diff\u00e9rents sites de magasins. Il est titulaire d&#8217;un Bachelor en \u00e9lectrotechnique. Timo B\u00fchlmann Timo est copropri\u00e9taire de meisterwerk GmbH et responsable de l&#8217;informatique de rentshop. En parall\u00e8le, [&hellip;]<\/p>\n","protected":false},"author":2,"featured_media":0,"parent":0,"menu_order":0,"comment_status":"closed","ping_status":"closed","template":"","meta":{"_acf_changed":false,"footnotes":""},"class_list":["post-157","page","type-page","status-publish","hentry"],"acf":[],"_links":{"self":[{"href":"https:\/\/meisterwerk-gmbh.ch\/fr\/wp-json\/wp\/v2\/pages\/157","targetHints":{"allow":["GET"]}}],"collection":[{"href":"https:\/\/meisterwerk-gmbh.ch\/fr\/wp-json\/wp\/v2\/pages"}],"about":[{"href":"https:\/\/meisterwerk-gmbh.ch\/fr\/wp-json\/wp\/v2\/types\/page"}],"author":[{"embeddable":true,"href":"https:\/\/meisterwerk-gmbh.ch\/fr\/wp-json\/wp\/v2\/users\/2"}],"replies":[{"embeddable":true,"href":"https:\/\/meisterwerk-gmbh.ch\/fr\/wp-json\/wp\/v2\/comments?post=157"}],"version-history":[{"count":22,"href":"https:\/\/meisterwerk-gmbh.ch\/fr\/wp-json\/wp\/v2\/pages\/157\/revisions"}],"predecessor-version":[{"id":314,"href":"https:\/\/meisterwerk-gmbh.ch\/fr\/wp-json\/wp\/v2\/pages\/157\/revisions\/314"}],"wp:attachment":[{"href":"https:\/\/meisterwerk-gmbh.ch\/fr\/wp-json\/wp\/v2\/media?parent=157"}],"curies":[{"name":"wp","href":"https:\/\/api.w.org\/{rel}","templated":true}]}}