{"id":156,"date":"2023-09-15T08:40:06","date_gmt":"2023-09-15T06:40:06","guid":{"rendered":"https:\/\/meisterwerk-gmbh.ch\/bienvenue-chez-les-professionnels-de-la-location\/"},"modified":"2024-07-12T10:27:02","modified_gmt":"2024-07-12T08:27:02","slug":"bienvenue-chez-les-professionnels-de-la-location","status":"publish","type":"page","link":"https:\/\/meisterwerk-gmbh.ch\/fr\/","title":{"rendered":"Bienvenue chez les professionnels de la location !"},"content":{"rendered":"\n<p>Nous sommes derri\u00e8re la marques <a href=\"https:\/\/www.rentshop.ch\/fr\" target=\"_blank\" rel=\"noreferrer noopener\">rentshop<\/a> et bien d&#8217;autres encore.<br>Ici, vous pouvez apprendre certaines choses sur nous :<\/p>\n\n\n\n<ul class=\"wp-block-list\">\n<li><a href=\"https:\/\/meisterwerk-gmbh.ch\/fr\/equipe\/\" data-type=\"page\" data-id=\"15\">Quelques mots sur notre \u00e9quipe<\/a><\/li>\n\n\n\n<li><a href=\"https:\/\/meisterwerk-gmbh.ch\/fr\/vision\/\" data-type=\"page\" data-id=\"11\">Notre vision<\/a><\/li>\n\n\n\n<li><a href=\"https:\/\/meisterwerk-gmbh.ch\/fr\/leitbild\/\" data-type=\"page\" data-id=\"14\">Notre charte<\/a><\/li>\n<\/ul>\n\n\n\n<p>Nous vous remercions de l&#8217;int\u00e9r\u00eat que vous portez \u00e0 notre entreprise. N&#8217;h\u00e9sitez pas \u00e0 nous contacter pour toute question g\u00e9n\u00e9rale ou demande d&#8217;offre ou de commande.<\/p>\n\n\n\n<p>Avec nos meilleures salutations<br>La soci\u00e9t\u00e9 Meisterwerk GmbH<\/p>\n\n\n\n<p><\/p>\n","protected":false},"excerpt":{"rendered":"<p>Nous sommes derri\u00e8re la marques rentshop et bien d&#8217;autres encore.Ici, vous pouvez apprendre certaines choses sur nous : Nous vous remercions de l&#8217;int\u00e9r\u00eat que vous portez \u00e0 notre entreprise. N&#8217;h\u00e9sitez pas \u00e0 nous contacter pour toute question g\u00e9n\u00e9rale ou demande d&#8217;offre ou de commande. Avec nos meilleures salutationsLa soci\u00e9t\u00e9 Meisterwerk GmbH<\/p>\n","protected":false},"author":2,"featured_media":0,"parent":0,"menu_order":0,"comment_status":"closed","ping_status":"closed","template":"","meta":{"_acf_changed":false,"footnotes":""},"class_list":["post-156","page","type-page","status-publish","hentry"],"acf":[],"_links":{"self":[{"href":"https:\/\/meisterwerk-gmbh.ch\/fr\/wp-json\/wp\/v2\/pages\/156","targetHints":{"allow":["GET"]}}],"collection":[{"href":"https:\/\/meisterwerk-gmbh.ch\/fr\/wp-json\/wp\/v2\/pages"}],"about":[{"href":"https:\/\/meisterwerk-gmbh.ch\/fr\/wp-json\/wp\/v2\/types\/page"}],"author":[{"embeddable":true,"href":"https:\/\/meisterwerk-gmbh.ch\/fr\/wp-json\/wp\/v2\/users\/2"}],"replies":[{"embeddable":true,"href":"https:\/\/meisterwerk-gmbh.ch\/fr\/wp-json\/wp\/v2\/comments?post=156"}],"version-history":[{"count":3,"href":"https:\/\/meisterwerk-gmbh.ch\/fr\/wp-json\/wp\/v2\/pages\/156\/revisions"}],"predecessor-version":[{"id":180,"href":"https:\/\/meisterwerk-gmbh.ch\/fr\/wp-json\/wp\/v2\/pages\/156\/revisions\/180"}],"wp:attachment":[{"href":"https:\/\/meisterwerk-gmbh.ch\/fr\/wp-json\/wp\/v2\/media?parent=156"}],"curies":[{"name":"wp","href":"https:\/\/api.w.org\/{rel}","templated":true}]}}